{"id":391,"date":"2022-08-21T18:18:21","date_gmt":"2022-08-21T16:18:21","guid":{"rendered":"http:\/\/www.juliegille.fr\/?page_id=391"},"modified":"2023-11-17T11:19:37","modified_gmt":"2023-11-17T10:19:37","slug":"cap-sur-2023","status":"publish","type":"page","link":"https:\/\/www.juliegille.fr\/index.php\/cap-sur-2023\/","title":{"rendered":"Un souffle nouveau"},"content":{"rendered":"\n<div class=\"wp-block-group alignfull has-background\" style=\"background-color:#f2c2a7\"><div class=\"wp-block-group__inner-container is-layout-flow wp-block-group-is-layout-flow\">\n<div class=\"wp-block-columns alignwide is-layout-flex wp-container-core-columns-is-layout-9d6595d7 wp-block-columns-is-layout-flex\">\n<div class=\"wp-block-column is-layout-flow wp-block-column-is-layout-flow\">\n<p class=\"has-text-color\" style=\"color:#000000;font-size:5vw;line-height:1.1\"><strong>Un souffle nouveau<\/strong><\/p>\n\n\n\n<div style=\"height:5px\" aria-hidden=\"true\" class=\"wp-block-spacer\"><\/div>\n<\/div>\n<\/div>\n\n\n\n<div class=\"wp-block-columns alignwide is-layout-flex wp-container-core-columns-is-layout-9d6595d7 wp-block-columns-is-layout-flex\">\n<div class=\"wp-block-column is-layout-flow wp-block-column-is-layout-flow\" style=\"flex-basis:33%\">\n<div style=\"height:100px\" aria-hidden=\"true\" class=\"wp-block-spacer\"><\/div>\n\n\n\n<div style=\"height:100px\" aria-hidden=\"true\" class=\"wp-block-spacer\"><\/div>\n\n\n\n<figure class=\"wp-block-image size-large\"><img loading=\"lazy\" decoding=\"async\" width=\"683\" height=\"1024\" src=\"http:\/\/www.juliegille.fr\/wp-content\/uploads\/2022\/08\/carolina-heza-zwPYmB1GlNE-unsplash-683x1024.jpg\" alt=\"\" class=\"wp-image-349\" srcset=\"https:\/\/www.juliegille.fr\/wp-content\/uploads\/2022\/08\/carolina-heza-zwPYmB1GlNE-unsplash-683x1024.jpg 683w, https:\/\/www.juliegille.fr\/wp-content\/uploads\/2022\/08\/carolina-heza-zwPYmB1GlNE-unsplash-200x300.jpg 200w, https:\/\/www.juliegille.fr\/wp-content\/uploads\/2022\/08\/carolina-heza-zwPYmB1GlNE-unsplash-768x1152.jpg 768w, https:\/\/www.juliegille.fr\/wp-content\/uploads\/2022\/08\/carolina-heza-zwPYmB1GlNE-unsplash-1024x1536.jpg 1024w, https:\/\/www.juliegille.fr\/wp-content\/uploads\/2022\/08\/carolina-heza-zwPYmB1GlNE-unsplash-1365x2048.jpg 1365w, https:\/\/www.juliegille.fr\/wp-content\/uploads\/2022\/08\/carolina-heza-zwPYmB1GlNE-unsplash-scaled.jpg 1707w\" sizes=\"auto, (max-width: 683px) 100vw, 683px\" \/><\/figure>\n<\/div>\n\n\n\n<div class=\"wp-block-column is-layout-flow wp-block-column-is-layout-flow\" style=\"flex-basis:33.38%\">\n<p class=\"has-text-align-center has-text-color has-extra-small-font-size\" style=\"color:#000000\"> <\/p>\n\n\n\n<p class=\"has-text-align-center has-headings-color has-text-color\"><strong>Nous traversons tous des \u00e9tapes de croissance qui nous font changer de regard, changer de forme, changer d&rsquo;\u00e9tat. Nous traversons d&rsquo;ailleurs une grande \u00e9tape de transition collective, sociale, \u00e9cologique, de conscience. <\/strong><\/p>\n\n\n\n<p class=\"has-text-align-center has-headings-color has-text-color\">Chacun de ces changements, quel que soit le niveau o\u00f9 il a lieu, nous invite \u00e0 laisser derri\u00e8re nous une rive pour accoster sur une autre. Chaque changement nous fait traverser des deuils et des re-naissances&#8230;  <\/p>\n\n\n\n<p class=\"has-text-align-center has-headings-color has-text-color\"><strong>Et si, \u00e0 l&rsquo;occasion de P\u00e2ques, nous venions nous relier ensemble pour reprendre un nouveau souffl<\/strong>e<strong>? <\/strong>P\u00e2ques chez les chr\u00e9tiens, Pessah chez les h\u00e9breux, Eastern\/Ostara dans les traditions celtiques: toutes, autour de l&rsquo;Equinoxe de Printemps, nous chuchotent le renouveau, le passage vers un autre monde, la renaissance.<\/p>\n<\/div>\n\n\n\n<div class=\"wp-block-column is-layout-flow wp-block-column-is-layout-flow\" style=\"flex-basis:33.62%\">\n<figure class=\"wp-block-image size-large\"><img loading=\"lazy\" decoding=\"async\" width=\"768\" height=\"1024\" src=\"http:\/\/www.juliegille.fr\/wp-content\/uploads\/2022\/08\/pisit-heng-ci1F55HaVWQ-unsplash-768x1024.jpg\" alt=\"\" class=\"wp-image-369\" srcset=\"https:\/\/www.juliegille.fr\/wp-content\/uploads\/2022\/08\/pisit-heng-ci1F55HaVWQ-unsplash-768x1024.jpg 768w, https:\/\/www.juliegille.fr\/wp-content\/uploads\/2022\/08\/pisit-heng-ci1F55HaVWQ-unsplash-225x300.jpg 225w, https:\/\/www.juliegille.fr\/wp-content\/uploads\/2022\/08\/pisit-heng-ci1F55HaVWQ-unsplash-1152x1536.jpg 1152w, https:\/\/www.juliegille.fr\/wp-content\/uploads\/2022\/08\/pisit-heng-ci1F55HaVWQ-unsplash-1536x2048.jpg 1536w, https:\/\/www.juliegille.fr\/wp-content\/uploads\/2022\/08\/pisit-heng-ci1F55HaVWQ-unsplash-scaled.jpg 1920w\" sizes=\"auto, (max-width: 768px) 100vw, 768px\" \/><\/figure>\n<\/div>\n<\/div>\n\n\n\n<div class=\"wp-block-columns alignwide is-layout-flex wp-container-core-columns-is-layout-9d6595d7 wp-block-columns-is-layout-flex\">\n<div class=\"wp-block-column is-layout-flow wp-block-column-is-layout-flow\" style=\"flex-basis:67%\"><div class=\"wp-block-image\">\n<figure class=\"aligncenter size-large\"><img loading=\"lazy\" decoding=\"async\" width=\"1024\" height=\"683\" src=\"http:\/\/www.juliegille.fr\/wp-content\/uploads\/2022\/08\/victor-larracuente-8-9hqGiqgR4-unsplash-1024x683.jpg\" alt=\"\" class=\"wp-image-374\" srcset=\"https:\/\/www.juliegille.fr\/wp-content\/uploads\/2022\/08\/victor-larracuente-8-9hqGiqgR4-unsplash-1024x683.jpg 1024w, https:\/\/www.juliegille.fr\/wp-content\/uploads\/2022\/08\/victor-larracuente-8-9hqGiqgR4-unsplash-300x200.jpg 300w, https:\/\/www.juliegille.fr\/wp-content\/uploads\/2022\/08\/victor-larracuente-8-9hqGiqgR4-unsplash-768x512.jpg 768w, https:\/\/www.juliegille.fr\/wp-content\/uploads\/2022\/08\/victor-larracuente-8-9hqGiqgR4-unsplash-1536x1024.jpg 1536w, https:\/\/www.juliegille.fr\/wp-content\/uploads\/2022\/08\/victor-larracuente-8-9hqGiqgR4-unsplash-2048x1365.jpg 2048w, https:\/\/www.juliegille.fr\/wp-content\/uploads\/2022\/08\/victor-larracuente-8-9hqGiqgR4-unsplash-450x300.jpg 450w\" sizes=\"auto, (max-width: 1024px) 100vw, 1024px\" \/><\/figure>\n<\/div><\/div>\n\n\n\n<div class=\"wp-block-column is-vertically-aligned-center is-layout-flow wp-block-column-is-layout-flow\" style=\"flex-basis:33%\">\n<p class=\"has-text-color has-extra-small-font-size\" style=\"color:#000000\">\u00c0 l&rsquo;aide de la respiration holotropique (<a href=\"https:\/\/www.juliegille.fr\/index.php\/577-2\/\">infos ici<\/a>) et de quelques pratiques ludiques et cr\u00e9atives, nous laisserons un souffle nouveau nous emmener visiter ce qui est pr\u00eat \u00e0 \u00eatre d\u00e9pos\u00e9, nous lib\u00e9rer des poids morts et permettre \u00e0 plus de vitalit\u00e9 de nous irriguer.     <br> En tout petit groupe, venez vivre ce passage  avec l&rsquo;exp\u00e9rience d&rsquo;une transe consciente et de profondes lib\u00e9rations gr\u00e2ce au souffle.<\/p>\n\n\n\n<p class=\"has-headings-color has-text-color\">En  Journ\u00e9e Enti\u00e8re  &#8211; 80\u20ac<\/p>\n\n\n\n<div class=\"wp-block-buttons is-content-justification-center is-layout-flex wp-container-core-buttons-is-layout-16018d1d wp-block-buttons-is-layout-flex\">\n<div class=\"wp-block-button\"><a class=\"wp-block-button__link wp-element-button\" href=\"http:\/\/www.juliegille.fr\/index.php\/2022\/08\/08\/agenda-des-evenements\/\" target=\"_blank\" rel=\"noreferrer noopener\">AGENDA<\/a><\/div>\n<\/div>\n\n\n\n<div style=\"height:100px\" aria-hidden=\"true\" class=\"wp-block-spacer\"><\/div>\n<\/div>\n<\/div>\n<\/div><\/div>\n","protected":false},"excerpt":{"rendered":"<p>Un souffle nouveau Nous traversons tous des \u00e9tapes de croissance qui nous font changer de regard, changer de forme, changer d&rsquo;\u00e9tat. Nous traversons d&rsquo;ailleurs une &hellip;<\/p>\n","protected":false},"author":1,"featured_media":0,"parent":0,"menu_order":0,"comment_status":"closed","ping_status":"closed","template":"","meta":{"footnotes":""},"class_list":["post-391","page","type-page","status-publish","hentry"],"_links":{"self":[{"href":"https:\/\/www.juliegille.fr\/index.php\/wp-json\/wp\/v2\/pages\/391","targetHints":{"allow":["GET"]}}],"collection":[{"href":"https:\/\/www.juliegille.fr\/index.php\/wp-json\/wp\/v2\/pages"}],"about":[{"href":"https:\/\/www.juliegille.fr\/index.php\/wp-json\/wp\/v2\/types\/page"}],"author":[{"embeddable":true,"href":"https:\/\/www.juliegille.fr\/index.php\/wp-json\/wp\/v2\/users\/1"}],"replies":[{"embeddable":true,"href":"https:\/\/www.juliegille.fr\/index.php\/wp-json\/wp\/v2\/comments?post=391"}],"version-history":[{"count":15,"href":"https:\/\/www.juliegille.fr\/index.php\/wp-json\/wp\/v2\/pages\/391\/revisions"}],"predecessor-version":[{"id":764,"href":"https:\/\/www.juliegille.fr\/index.php\/wp-json\/wp\/v2\/pages\/391\/revisions\/764"}],"wp:attachment":[{"href":"https:\/\/www.juliegille.fr\/index.php\/wp-json\/wp\/v2\/media?parent=391"}],"curies":[{"name":"wp","href":"https:\/\/api.w.org\/{rel}","templated":true}]}}