{"id":573,"date":"2022-10-10T17:03:59","date_gmt":"2022-10-10T15:03:59","guid":{"rendered":"http:\/\/www.juliegille.fr\/?page_id=573"},"modified":"2024-08-25T19:29:26","modified_gmt":"2024-08-25T17:29:26","slug":"rituels","status":"publish","type":"page","link":"https:\/\/www.juliegille.fr\/index.php\/rituels\/","title":{"rendered":"Rituels"},"content":{"rendered":"\n<div class=\"wp-block-media-text alignfull is-stacked-on-mobile is-vertically-aligned-center is-image-fill has-background\" style=\"background-color:#f2c2a7\"><figure class=\"wp-block-media-text__media\" style=\"background-image:url(http:\/\/www.juliegille.fr\/wp-content\/uploads\/2022\/08\/lucasvphotos-d13YC3llxUM-unsplash-575x1024.jpg);background-position:50% 50%\"><img loading=\"lazy\" decoding=\"async\" width=\"575\" height=\"1024\" src=\"http:\/\/www.juliegille.fr\/wp-content\/uploads\/2022\/08\/lucasvphotos-d13YC3llxUM-unsplash-575x1024.jpg\" alt=\"\" class=\"wp-image-363 size-full\" srcset=\"https:\/\/www.juliegille.fr\/wp-content\/uploads\/2022\/08\/lucasvphotos-d13YC3llxUM-unsplash-575x1024.jpg 575w, https:\/\/www.juliegille.fr\/wp-content\/uploads\/2022\/08\/lucasvphotos-d13YC3llxUM-unsplash-169x300.jpg 169w, https:\/\/www.juliegille.fr\/wp-content\/uploads\/2022\/08\/lucasvphotos-d13YC3llxUM-unsplash-768x1367.jpg 768w, https:\/\/www.juliegille.fr\/wp-content\/uploads\/2022\/08\/lucasvphotos-d13YC3llxUM-unsplash-863x1536.jpg 863w, https:\/\/www.juliegille.fr\/wp-content\/uploads\/2022\/08\/lucasvphotos-d13YC3llxUM-unsplash-1151x2048.jpg 1151w, https:\/\/www.juliegille.fr\/wp-content\/uploads\/2022\/08\/lucasvphotos-d13YC3llxUM-unsplash-scaled.jpg 1439w\" sizes=\"auto, (max-width: 575px) 100vw, 575px\" \/><\/figure><div class=\"wp-block-media-text__content\">\n<p class=\"has-headings-color has-text-color has-large-font-size\"><strong>Rituels&nbsp;<\/strong><\/p>\n\n\n\n<p class=\"has-headings-color has-text-color\">Dans un parcours th\u00e9rapeutique, on peut accorder beaucoup de temps au travail \u00e9motionnel afin de pacifier les parts de nous en souffrance. Ressentir, poser des mots, mettre du sens, \u00e9changer sont des \u00e9tapes n\u00e9cessaires au travail de r\u00e9silience. On propose \u00e0 l\u2019inconscient de s\u2019exprimer dans un langage rationnel et \u00e9motionnel. Cependant, il arrive un moment o\u00f9 la raison a besoin d\u2019apprendre le langage de l\u2019inconscient qui passe par des images, des m\u00e9taphores, des histoires, des mythes, des contes et des actes ! <\/p>\n\n\n\n<p class=\"has-headings-color has-text-color\"> Ainsi,&nbsp;<strong>poser un acte symbolique pour soutenir le passage que nous sommes en train de faire donne de la puissance au chemin de lib\u00e9ration entam\u00e9 !<\/strong>&nbsp;Dans les accompagnements individuels, je peux proposer de faire un acte psychomagique comme les appelait Alexandre Jodorowsky pour accompagner le travail th\u00e9rapeutique.&nbsp;<strong>Un rituel se r\u00e9fl\u00e9chit et se construit ensemble au cours des s\u00e9ances.<\/strong>&nbsp;Je peux \u00e9galement vous accompagner lors des actes que vous avez besoin de poser, le temps d\u2019une demie-journ\u00e9e (3h) si n\u00e9cessaire, \u00e0 l\u2019ext\u00e9rieur du cabinet. Il est possible de ritualiser&nbsp;<strong>un deuil non fait, une s\u00e9paration, une transition de vie, la c\u00e9l\u00e9bration d\u2019une naissance, d\u2019une \u00e9volution personnelle, etc\u2026<\/strong><\/p>\n\n\n\n<p class=\"has-text-color\" style=\"color:#434343\"><em>En groupe, j&rsquo;invite les rituels et les contes\/mythes dans les stages de psychologie sacr\u00e9e (<a href=\"http:\/\/www.juliegille.fr\/index.php\/weekend-persephone\/\">Pers\u00e9phone<\/a>) ou sur des journ\u00e9es th\u00e9matiques (<a href=\"http:\/\/www.juliegille.fr\/index.php\/cap-sur-2023\/\">Change de peau<\/a>, <a href=\"http:\/\/www.juliegille.fr\/index.php\/change-de-peau\/\">Cap sur 2023<\/a>, \u00e0 la rencontre de la Sorci\u00e8re).<\/em><\/p>\n<\/div><\/div>\n\n\n\n<blockquote class=\"wp-block-quote has-text-align-center has-text-color is-layout-flow wp-block-quote-is-layout-flow\" style=\"color:#322f2f\">\n<p>Le rituel sert \u00e0 cr\u00e9er de la beaut\u00e9, \u00e0 marquer les passages dans le labyrinthe de l&rsquo;existence, \u00e0 nous relier, \u00e0 nous rappeler notre cosmologie et \u00e0 honorer nos communaut\u00e9s et nos liens humains. Il a un pouvoir de gu\u00e9rison au m\u00eame titre que le th\u00e9\u00e2tre, la danse ou la peinture peuvent provoquer un sentiment d&rsquo;intimit\u00e9 avec soi-m\u00eame, de l\u00e2cher-prise et d&rsquo;extase qui nous enl\u00e8vent nos maux. (&#8230;) <\/p>\n\n\n\n<p>La vie, nous l&rsquo;avons d\u00e9j\u00e0 dit, n&rsquo;est pas un probl\u00e8me \u00e0 r\u00e9soudre mais un myst\u00e8re \u00e0 vivre! (..) Le rituel ne r\u00e9sout pas nos probl\u00e8mes, il c\u00e9l\u00e8bre quelque chose: nos deuils, nos peines, nos joies, nos espoirs, nos r\u00eaves et nos noirceurs. Il fait de nos vies une danse o\u00f9 chaque pas a sa raison d&rsquo;\u00eatre.<\/p>\n\n\n\n<p>Le rituel est la dimension indig\u00e8ne de la th\u00e9rapie. Il parle directement \u00e0 l&rsquo;inconscient dans son langage, qui est un langage simple fait d&rsquo;images, de m\u00e9taphores, d&rsquo;histoires et de gestes symboliques.<\/p>\n<cite>Paule LEBRUN, Qu\u00eate de vision, qu\u00eate de sens<\/cite><\/blockquote>\n\n\n\n<p><\/p>\n","protected":false},"excerpt":{"rendered":"<p>Rituels&nbsp; Dans un parcours th\u00e9rapeutique, on peut accorder beaucoup de temps au travail \u00e9motionnel afin de pacifier les parts de nous en souffrance. Ressentir, poser &hellip;<\/p>\n","protected":false},"author":1,"featured_media":363,"parent":0,"menu_order":0,"comment_status":"closed","ping_status":"closed","template":"","meta":{"footnotes":""},"class_list":["post-573","page","type-page","status-publish","has-post-thumbnail","hentry"],"_links":{"self":[{"href":"https:\/\/www.juliegille.fr\/index.php\/wp-json\/wp\/v2\/pages\/573","targetHints":{"allow":["GET"]}}],"collection":[{"href":"https:\/\/www.juliegille.fr\/index.php\/wp-json\/wp\/v2\/pages"}],"about":[{"href":"https:\/\/www.juliegille.fr\/index.php\/wp-json\/wp\/v2\/types\/page"}],"author":[{"embeddable":true,"href":"https:\/\/www.juliegille.fr\/index.php\/wp-json\/wp\/v2\/users\/1"}],"replies":[{"embeddable":true,"href":"https:\/\/www.juliegille.fr\/index.php\/wp-json\/wp\/v2\/comments?post=573"}],"version-history":[{"count":12,"href":"https:\/\/www.juliegille.fr\/index.php\/wp-json\/wp\/v2\/pages\/573\/revisions"}],"predecessor-version":[{"id":855,"href":"https:\/\/www.juliegille.fr\/index.php\/wp-json\/wp\/v2\/pages\/573\/revisions\/855"}],"wp:featuredmedia":[{"embeddable":true,"href":"https:\/\/www.juliegille.fr\/index.php\/wp-json\/wp\/v2\/media\/363"}],"wp:attachment":[{"href":"https:\/\/www.juliegille.fr\/index.php\/wp-json\/wp\/v2\/media?parent=573"}],"curies":[{"name":"wp","href":"https:\/\/api.w.org\/{rel}","templated":true}]}}