{"id":73,"date":"2022-07-31T22:34:17","date_gmt":"2022-07-31T20:34:17","guid":{"rendered":"http:\/\/www.juliegille.fr\/?page_id=73"},"modified":"2025-11-17T10:57:43","modified_gmt":"2025-11-17T09:57:43","slug":"constellations-familiales","status":"publish","type":"page","link":"https:\/\/www.juliegille.fr\/index.php\/constellations-familiales\/","title":{"rendered":"Constellations Familiales"},"content":{"rendered":"\n<div class=\"wp-block-group has-background is-vertical is-layout-flex wp-container-core-group-is-layout-8cf370e7 wp-block-group-is-layout-flex\" style=\"background-color:#f2c2a7\">\n<div class=\"wp-block-columns alignwide is-layout-flex wp-container-core-columns-is-layout-9d6595d7 wp-block-columns-is-layout-flex\">\n<div class=\"wp-block-column is-layout-flow wp-block-column-is-layout-flow\">\n<p class=\"has-text-color\" style=\"color:#000000;font-size:5vw;line-height:1.1\">Constellations Familiales<\/p>\n\n\n\n<div style=\"height:5px\" aria-hidden=\"true\" class=\"wp-block-spacer\"><\/div>\n<\/div>\n<\/div>\n\n\n\n<div class=\"wp-block-columns alignwide is-layout-flex wp-container-core-columns-is-layout-9d6595d7 wp-block-columns-is-layout-flex\">\n<div class=\"wp-block-column is-layout-flow wp-block-column-is-layout-flow\" style=\"flex-basis:41.18%\"><div class=\"wp-block-image\">\n<figure class=\"aligncenter size-full is-resized\"><img loading=\"lazy\" decoding=\"async\" width=\"960\" height=\"633\" src=\"http:\/\/www.juliegille.fr\/wp-content\/uploads\/2022\/08\/296199726_5484836101596870_1398533131449968055_n.jpg\" alt=\"\" class=\"wp-image-174\" style=\"width:532px;height:350px\" srcset=\"https:\/\/www.juliegille.fr\/wp-content\/uploads\/2022\/08\/296199726_5484836101596870_1398533131449968055_n.jpg 960w, https:\/\/www.juliegille.fr\/wp-content\/uploads\/2022\/08\/296199726_5484836101596870_1398533131449968055_n-300x198.jpg 300w, https:\/\/www.juliegille.fr\/wp-content\/uploads\/2022\/08\/296199726_5484836101596870_1398533131449968055_n-768x506.jpg 768w, https:\/\/www.juliegille.fr\/wp-content\/uploads\/2022\/08\/296199726_5484836101596870_1398533131449968055_n-389x256.jpg 389w\" sizes=\"auto, (max-width: 960px) 100vw, 960px\" \/><\/figure>\n<\/div><\/div>\n\n\n\n<div class=\"wp-block-column is-layout-flow wp-block-column-is-layout-flow\" style=\"flex-basis:58.82%\">\n<p class=\"has-text-align-left has-headings-color has-text-color\">Dans chaque famille, on peut trouver <strong>des traumas, des guerres, des deuils non faits, des secrets, des non-dits, des violences, des abus<\/strong>, v\u00e9cus dans les g\u00e9n\u00e9rations pr\u00e9c\u00e9dentes, qui ont laiss\u00e9 leurs <strong>traces psychiques et\/ou physiques chez leurs descendants<\/strong> comme un lourd h\u00e9ritage.<\/p>\n\n\n\n<p class=\"has-text-align-right has-headings-color has-text-color\">Certaines situations \u00e9branlent parfois si profond\u00e9ment une famille qu&rsquo;un de ses membres se met \u00e0 <strong>porter inconsciemment le poids d&rsquo;une blessure pour quelqu&rsquo;un d&rsquo;autre<\/strong>. Les Constellations familiales mettent alors \u00e0 jour<strong> les relations cach\u00e9es entre notre histoire familiale et nos souffrances, maladies, difficult\u00e9s personnelles et professionnelles<\/strong>. C\u2019est une opportunit\u00e9 de se <strong>lib\u00e9rer des h\u00e9ritages<\/strong> qui influencent et p\u00e8sent sur notre chemin. De se distancer des souffrances de l\u2019histoire familiale et de s\u2019all\u00e9ger des loyaut\u00e9s, et pour <strong>se r\u00e9approprier<\/strong> notre vie !<\/p>\n\n\n\n<p class=\"has-text-align-right has-headings-color has-text-color\">Les constellations peuvent \u00eatre un puissant acc\u00e9l\u00e9rateur pour des personnes engag\u00e9es en th\u00e9rapie ou peuvent permettre simplement \u00e0 d&rsquo;autres de d\u00e9nouer un blocage, ponctuellement en dehors d&rsquo;un chemin th\u00e9rapeutique. Mais elles ne sont <strong>pas : <\/strong>ni un outil magique et miraculeux, ni une enqu\u00eate de v\u00e9rit\u00e9 absolue et objective. Elles nous offrent \u00e0 voir la fa\u00e7on dont nous sommes touch\u00e9.e.s par notre syst\u00e8me, la fa\u00e7on dont notre famille a \u00e9t\u00e9 impr\u00e9gn\u00e9e par un \u00e9v\u00e9nement ou structur\u00e9e dans ses liens. Nous acc\u00e9dons au v\u00e9cu int\u00e9rieur de notre syst\u00e8me plus qu\u2019\u00e0 des certitudes. <strong>Vous restez seul.e \u00e0 d\u00e9finir ce qui r\u00e9sonne en vous et pour vous de ce que vous offre \u00e0 voir votre constellation<\/strong>.<\/p>\n<\/div>\n<\/div>\n\n\n\n<div class=\"wp-block-columns alignwide is-layout-flex wp-container-core-columns-is-layout-9d6595d7 wp-block-columns-is-layout-flex\">\n<div class=\"wp-block-column is-vertically-aligned-center is-layout-flow wp-block-column-is-layout-flow\" style=\"flex-basis:33%\">\n<p class=\"has-text-align-right has-headings-color has-text-color\"><strong>Quels th\u00e8mes ou demandes peut-on consteller ?<\/strong><\/p>\n\n\n\n<ul class=\"wp-block-list has-headings-color has-text-color\">\n<li>Si vous vivez en ce moment des <strong>situations r\u00e9p\u00e9titives d\u2019\u00e9chec<\/strong>, de mal \u00eatre ou d\u2019accident, des sympt\u00f4mes r\u00e9currents, des probl\u00e9matiques de <strong>couple<\/strong>, des difficult\u00e9s chroniques avec <strong>vos enfants<\/strong> ou des situations o\u00f9 vous sentez l\u2019enfant en danger, des peurs, <strong>des culpabilit\u00e9s ou des col\u00e8res qui vous empoisonnent la vie, des automatismes inconscients<\/strong>; si vous n\u2019arrivez pas \u00e0 trouver votre place dans la vie affective comme professionnelle.<\/li>\n<\/ul>\n\n\n\n<ul class=\"wp-block-list has-headings-color has-text-color\">\n<li>Vous pouvez \u00e9galement demander \u00e0 consteller un <strong>r\u00eave marquant ou r\u00e9current<\/strong> pour explorer de mani\u00e8re dynamique et profonde les messages inconscients qu&rsquo;il cherche \u00e0 vous d\u00e9livrer&#8230;<\/li>\n<\/ul>\n\n\n\n<ul class=\"wp-block-list has-headings-color has-text-color\">\n<li>Vous pouvez aussi demander \u00e0 consteller des parts de vous, pour travailler votre lien \u00e0 votre <strong>\u00ab\u00a0enfant int\u00e9rieur\u00a0\u00bb<\/strong> par exemple, ou explorer un conflit int\u00e9rieur&#8230;<\/li>\n<\/ul>\n<\/div>\n\n\n\n<div class=\"wp-block-column is-layout-flow wp-block-column-is-layout-flow\" style=\"flex-basis:67%\"><div class=\"wp-block-image\">\n<figure class=\"aligncenter size-large\"><img loading=\"lazy\" decoding=\"async\" width=\"788\" height=\"788\" src=\"http:\/\/www.juliegille.fr\/wp-content\/uploads\/2022\/08\/c3fa0a3ec2d1e9f93d2060687ecfaed2ff7366df_1024_1024-edited.jpeg\" alt=\"\" class=\"wp-image-308\" srcset=\"https:\/\/www.juliegille.fr\/wp-content\/uploads\/2022\/08\/c3fa0a3ec2d1e9f93d2060687ecfaed2ff7366df_1024_1024-edited.jpeg 788w, https:\/\/www.juliegille.fr\/wp-content\/uploads\/2022\/08\/c3fa0a3ec2d1e9f93d2060687ecfaed2ff7366df_1024_1024-edited-300x300.jpeg 300w, https:\/\/www.juliegille.fr\/wp-content\/uploads\/2022\/08\/c3fa0a3ec2d1e9f93d2060687ecfaed2ff7366df_1024_1024-edited-150x150.jpeg 150w, https:\/\/www.juliegille.fr\/wp-content\/uploads\/2022\/08\/c3fa0a3ec2d1e9f93d2060687ecfaed2ff7366df_1024_1024-edited-768x768.jpeg 768w\" sizes=\"auto, (max-width: 788px) 100vw, 788px\" \/><\/figure>\n<\/div><\/div>\n<\/div>\n\n\n\n<div class=\"wp-block-media-text alignwide is-stacked-on-mobile\"><figure class=\"wp-block-media-text__media\"><img loading=\"lazy\" decoding=\"async\" width=\"1024\" height=\"838\" src=\"http:\/\/www.juliegille.fr\/wp-content\/uploads\/2022\/08\/ancestorwall.jpg\" alt=\"\" class=\"wp-image-283 size-full\" srcset=\"https:\/\/www.juliegille.fr\/wp-content\/uploads\/2022\/08\/ancestorwall.jpg 1024w, https:\/\/www.juliegille.fr\/wp-content\/uploads\/2022\/08\/ancestorwall-300x246.jpg 300w, https:\/\/www.juliegille.fr\/wp-content\/uploads\/2022\/08\/ancestorwall-768x629.jpg 768w, https:\/\/www.juliegille.fr\/wp-content\/uploads\/2022\/08\/ancestorwall-367x300.jpg 367w\" sizes=\"auto, (max-width: 1024px) 100vw, 1024px\" \/><\/figure><div class=\"wp-block-media-text__content\">\n<p class=\"has-text-align-right has-headings-color has-text-color\">J\u2019anime des constellations syst\u00e9miques depuis 2014.<\/p>\n\n\n\n<p class=\"has-text-align-right has-headings-color has-text-color\">Tous les ateliers se d\u00e9roulent dans une ambiance chaleureuse et bienveillante en petit comit\u00e9, des petits groupes de 8\/12 personnes maximum.<\/p>\n\n\n\n<p class=\"has-text-align-right has-headings-color has-text-color\">Vous pouvez venir consteller (poser votre probl\u00e9matique) ou \u00eatre uniquement repr\u00e9sentant.e dans les constellations des autres, avant de consteller la prochaine fois ou tout simplement parce que c\u2019est d\u00e9j\u00e0 un travail en soi, par les effets de r\u00e9sonance. <\/p>\n\n\n\n<p class=\"has-headings-color has-text-color\"><strong>\u00c0 st Di\u00e9: Journ\u00e9e enti\u00e8re &#8211; 90\u20ac pour consteller (5 places maximum) \/ 45\u20ac pour \u00eatre repr\u00e9sentant.e<\/strong><\/p>\n\n\n\n<p class=\"has-headings-color has-text-color has-link-color wp-elements-ce0aa47f13e87d41330c67f6d0a273ee\"><strong>En d\u00e9placement:  100\u20ac la journ\u00e9e (avec 1 place pour consteller &#8211; 50\u20ac la journ\u00e9e pour \u00eatre repr\u00e9sentant &#8211; 120 le week-end (1 place pour consteller + repr\u00e9senter) &#8211; 75\u20ac le week-end pour \u00eatre repr\u00e9sentant <\/strong><\/p>\n\n\n\n<div class=\"wp-block-buttons is-content-justification-center is-layout-flex wp-container-core-buttons-is-layout-16018d1d wp-block-buttons-is-layout-flex\">\n<div class=\"wp-block-button\"><a class=\"wp-block-button__link wp-element-button\" href=\"http:\/\/www.juliegille.fr\/index.php\/2022\/08\/08\/agenda-des-evenements\/\">AGENDA<\/a><\/div>\n<\/div>\n\n\n\n<p class=\"has-headings-color has-text-color\"><\/p>\n<\/div><\/div>\n<\/div>\n\n\n\n<blockquote class=\"wp-block-quote has-text-align-center is-layout-flow wp-block-quote-is-layout-flow\">\n<p>\u00ab\u00a0Pratiquement, lors de sa constellation, le participant formule bri\u00e8vement sa probl\u00e9matique ou l\u2019objectif vis\u00e9 et donne quelques \u00e9l\u00e9ments factuels sur sa g\u00e9n\u00e9alogie (ex : un parent issu de la DASS, divorce des grands parents, \u2026). En fonction de la demande, l\u2019animateur d\u00e9cide des personnages \u00e0 consteller (des membres de sa famille ou des th\u00e8mes) et l\u2019invite \u00e0 choisir dans le groupe des repr\u00e9sentants pour eux et pour lui-m\u00eame et \u00e0 les placer ensuite intuitivement dans l\u2019espace.<\/p>\n\n\n\n<p>Emerge ainsi ext\u00e9rieurement une image de la famille ou de la probl\u00e9matique, la \u00ab Constellation \u00bb, que portait int\u00e9rieurement la personne. Sa structure et sa dynamique sont explor\u00e9es.<\/p>\n\n\n\n<p>Le travail durant l\u2019atelier consiste \u00e0 identifier et \u00e0 r\u00e9parer tous les liens ab\u00eem\u00e9s, \u00e0 redonner \u00e0 chacun sa juste place et sa dignit\u00e9 et \u00e0 r\u00e9tablir l\u2019\u00e9quilibre dans le syst\u00e8me. Ainsi, \u00e0 l\u2019aide du changement des positions et des mots justes qui lib\u00e8rent, propos\u00e9s par l\u2019animateur et valid\u00e9s par les repr\u00e9sentants, un nouvel ordre s\u2019\u00e9tablit qui nomme (avec d\u00e9licatesse) ce qui a \u00e9t\u00e9 tenu secret et surtout nourrit les espaces bless\u00e9s en restaurant les liens. Les anciennes cha\u00eenes inconscientes se transforment en liens lumineux et nourrissants. <\/p>\n\n\n\n<p>L\u2019\u00e9nergie de Vie circule de nouveau dans le syst\u00e8me pour la personne qui peut se l\u2019approprier.<br>Au cours de l\u2019atelier, chacun participe \u00e0 un processus th\u00e9rapeutique important qui rehausse tous les liens d\u2019amour et dont il b\u00e9n\u00e9ficie pleinement comme repr\u00e9sentant ou simple t\u00e9moin de ce qui se manifeste et r\u00e9sonne dans sa propre histoire.\u00a0\u00bb<\/p>\n<cite><a rel=\"noreferrer noopener\" href=\"http:\/\/sophro-analyse.org\/?fbclid=IwAR1L3ZDED4CW1-cPn5lNCCkcuDi3HZGFC2G7yDydNP2jlvUfXkMfWOitCKE\" target=\"_blank\">sophro-analyse.org<\/a>&nbsp;Christine Louveau<\/cite><\/blockquote>\n","protected":false},"excerpt":{"rendered":"<p>Constellations Familiales Dans chaque famille, on peut trouver des traumas, des guerres, des deuils non faits, des secrets, des non-dits, des violences, des abus, v\u00e9cus &hellip;<\/p>\n","protected":false},"author":1,"featured_media":0,"parent":0,"menu_order":0,"comment_status":"closed","ping_status":"closed","template":"","meta":{"footnotes":""},"class_list":["post-73","page","type-page","status-publish","hentry"],"_links":{"self":[{"href":"https:\/\/www.juliegille.fr\/index.php\/wp-json\/wp\/v2\/pages\/73","targetHints":{"allow":["GET"]}}],"collection":[{"href":"https:\/\/www.juliegille.fr\/index.php\/wp-json\/wp\/v2\/pages"}],"about":[{"href":"https:\/\/www.juliegille.fr\/index.php\/wp-json\/wp\/v2\/types\/page"}],"author":[{"embeddable":true,"href":"https:\/\/www.juliegille.fr\/index.php\/wp-json\/wp\/v2\/users\/1"}],"replies":[{"embeddable":true,"href":"https:\/\/www.juliegille.fr\/index.php\/wp-json\/wp\/v2\/comments?post=73"}],"version-history":[{"count":51,"href":"https:\/\/www.juliegille.fr\/index.php\/wp-json\/wp\/v2\/pages\/73\/revisions"}],"predecessor-version":[{"id":1128,"href":"https:\/\/www.juliegille.fr\/index.php\/wp-json\/wp\/v2\/pages\/73\/revisions\/1128"}],"wp:attachment":[{"href":"https:\/\/www.juliegille.fr\/index.php\/wp-json\/wp\/v2\/media?parent=73"}],"curies":[{"name":"wp","href":"https:\/\/api.w.org\/{rel}","templated":true}]}}