{"id":894,"date":"2024-07-14T19:00:46","date_gmt":"2024-07-14T17:00:46","guid":{"rendered":"https:\/\/www.juliegille.fr\/?page_id=894"},"modified":"2025-04-20T17:47:16","modified_gmt":"2025-04-20T15:47:16","slug":"audios-et-videos","status":"publish","type":"page","link":"https:\/\/www.juliegille.fr\/index.php\/audios-et-videos\/","title":{"rendered":"Audios et Vid\u00e9os"},"content":{"rendered":"\n<figure class=\"wp-block-embed is-type-video is-provider-youtube wp-block-embed-youtube wp-embed-aspect-16-9 wp-has-aspect-ratio\"><div class=\"wp-block-embed__wrapper\">\n<iframe loading=\"lazy\" title=\"Paroles d&#039;Autrice: Interview de Julie Gille &quot;Paroles de l&#039;Ombre&quot; par Jean Gagliardi\" width=\"1041\" height=\"586\" src=\"https:\/\/www.youtube.com\/embed\/931seSOuwak?feature=oembed\" frameborder=\"0\" allow=\"accelerometer; autoplay; clipboard-write; encrypted-media; gyroscope; picture-in-picture; web-share\" referrerpolicy=\"strict-origin-when-cross-origin\" allowfullscreen><\/iframe>\n<\/div><\/figure>\n\n\n\n<hr class=\"wp-block-separator has-alpha-channel-opacity\"\/>\n\n\n\n<figure class=\"wp-block-embed is-type-video is-provider-youtube wp-block-embed-youtube wp-embed-aspect-16-9 wp-has-aspect-ratio\"><div class=\"wp-block-embed__wrapper\">\n<iframe loading=\"lazy\" title=\"Le travail de l&#039;Ombre : r\u00e9int\u00e9grer nos parts obscures pour plus d&#039;int\u00e9grit\u00e9\" width=\"1041\" height=\"586\" src=\"https:\/\/www.youtube.com\/embed\/mNzKPug7v0E?feature=oembed\" frameborder=\"0\" allow=\"accelerometer; autoplay; clipboard-write; encrypted-media; gyroscope; picture-in-picture; web-share\" referrerpolicy=\"strict-origin-when-cross-origin\" allowfullscreen><\/iframe>\n<\/div><\/figure>\n\n\n\n<p class=\"has-headings-color has-text-color has-link-color wp-elements-2cc790443f28d3b56546e86163916b20\">Voici le lien vers ma cha\u00eene YouTube :<\/p>\n\n\n\n<p><a href=\"https:\/\/www.youtube.com\/@juliegille4682\">https:\/\/www.youtube.com\/@juliegille4682<\/a><\/p>\n\n\n\n<p><\/p>\n","protected":false},"excerpt":{"rendered":"<p>Voici le lien vers ma cha\u00eene YouTube : https:\/\/www.youtube.com\/@juliegille4682<\/p>\n","protected":false},"author":1,"featured_media":0,"parent":0,"menu_order":0,"comment_status":"closed","ping_status":"closed","template":"","meta":{"footnotes":""},"class_list":["post-894","page","type-page","status-publish","hentry"],"_links":{"self":[{"href":"https:\/\/www.juliegille.fr\/index.php\/wp-json\/wp\/v2\/pages\/894","targetHints":{"allow":["GET"]}}],"collection":[{"href":"https:\/\/www.juliegille.fr\/index.php\/wp-json\/wp\/v2\/pages"}],"about":[{"href":"https:\/\/www.juliegille.fr\/index.php\/wp-json\/wp\/v2\/types\/page"}],"author":[{"embeddable":true,"href":"https:\/\/www.juliegille.fr\/index.php\/wp-json\/wp\/v2\/users\/1"}],"replies":[{"embeddable":true,"href":"https:\/\/www.juliegille.fr\/index.php\/wp-json\/wp\/v2\/comments?post=894"}],"version-history":[{"count":5,"href":"https:\/\/www.juliegille.fr\/index.php\/wp-json\/wp\/v2\/pages\/894\/revisions"}],"predecessor-version":[{"id":1024,"href":"https:\/\/www.juliegille.fr\/index.php\/wp-json\/wp\/v2\/pages\/894\/revisions\/1024"}],"wp:attachment":[{"href":"https:\/\/www.juliegille.fr\/index.php\/wp-json\/wp\/v2\/media?parent=894"}],"curies":[{"name":"wp","href":"https:\/\/api.w.org\/{rel}","templated":true}]}}