{"id":933,"date":"2024-08-25T17:16:22","date_gmt":"2024-08-25T15:16:22","guid":{"rendered":"http:\/\/www.juliegille.fr\/?page_id=933"},"modified":"2024-08-25T17:16:22","modified_gmt":"2024-08-25T15:16:22","slug":"ecoute-des-reves","status":"publish","type":"page","link":"https:\/\/www.juliegille.fr\/index.php\/ecoute-des-reves\/","title":{"rendered":"\u00c9coute des R\u00eaves"},"content":{"rendered":"\n<div class=\"wp-block-media-text is-stacked-on-mobile has-background\" style=\"background-color:#f2c2a7\"><figure class=\"wp-block-media-text__media\"><img loading=\"lazy\" decoding=\"async\" width=\"576\" height=\"1024\" src=\"http:\/\/www.juliegille.fr\/wp-content\/uploads\/2024\/08\/zoltan-tasi-HQPJEEjHqSE-unsplash-576x1024.jpg\" alt=\"\" class=\"wp-image-929 size-full\" srcset=\"https:\/\/www.juliegille.fr\/wp-content\/uploads\/2024\/08\/zoltan-tasi-HQPJEEjHqSE-unsplash-576x1024.jpg 576w, https:\/\/www.juliegille.fr\/wp-content\/uploads\/2024\/08\/zoltan-tasi-HQPJEEjHqSE-unsplash-169x300.jpg 169w, https:\/\/www.juliegille.fr\/wp-content\/uploads\/2024\/08\/zoltan-tasi-HQPJEEjHqSE-unsplash-768x1365.jpg 768w, https:\/\/www.juliegille.fr\/wp-content\/uploads\/2024\/08\/zoltan-tasi-HQPJEEjHqSE-unsplash-864x1536.jpg 864w, https:\/\/www.juliegille.fr\/wp-content\/uploads\/2024\/08\/zoltan-tasi-HQPJEEjHqSE-unsplash-1153x2048.jpg 1153w, https:\/\/www.juliegille.fr\/wp-content\/uploads\/2024\/08\/zoltan-tasi-HQPJEEjHqSE-unsplash-scaled.jpg 1441w\" sizes=\"auto, (max-width: 576px) 100vw, 576px\" \/><\/figure><div class=\"wp-block-media-text__content\">\n<p class=\"has-headings-color has-text-color has-link-color wp-elements-d71b477d74bf07cbcf92b7cc0dffcda5\" style=\"font-size:26px\"><strong>\u00c9coute des r\u00eaves<\/strong><\/p>\n\n\n\n<p class=\"has-headings-color has-text-color has-link-color wp-elements-adf5992c9985ce726258597447fd11bd\">Les r\u00eaves sont une puissante \u00e9nergie de notre psych\u00e9 qui cherche \u00e0 \u00e9merger pour nous donner vitalit\u00e9 et \u00e9lan sur notre chemin de vie ! D\u00e9ployer un r\u00eave en th\u00e9rapie, c&rsquo;est lui donner la possibilit\u00e9 de se manifester dans la mati\u00e8re, dans notre corps. C&rsquo;est offrir une porte de lib\u00e9ration \u00e0 ce qui cherche r\u00e9solution en nous.  C&rsquo;est se reconnecter avec les arch\u00e9types des profondeurs, renouer avec notre psych\u00e9, c&rsquo;est rejoindre la Toile du monde, ce grand inconscient collectif qui se met en sc\u00e8ne dans nos r\u00eaves et auquel nous sommes tous reli\u00e9s.<\/p>\n\n\n\n<p class=\"has-text-align-center has-headings-color has-text-color has-link-color wp-elements-4d58907ed393f28d916d5ab2801467e1\"><em>\u00ab\u00a0Les r\u00eaves sont les mots avec lesquels l&rsquo;\u00e2me nous guide.\u00a0\u00bb <\/em>C.G.Jung &#8211; Le Livre Rouge<\/p>\n\n\n\n<p class=\"has-headings-color has-text-color has-link-color wp-elements-295eb2cfc30f5b07b7e0d879aecdb1a5\">Travailler ses r\u00eaves ne se r\u00e9sume pas \u00e0 les analyser. Et certainement pas \u00e0 l&rsquo;aide d&rsquo;un dictionnaire tout fait. Il s&rsquo;agit plut\u00f4t d&rsquo;aller \u00e0 la rencontre de l&rsquo;inconscient et d&rsquo;entamer un dialogue avec lui \u00e0 partir de son propre langage, des images du r\u00eave, du corps et des sensations. Le Talmud nous dit qu&rsquo;un r\u00eave non interpr\u00e9t\u00e9 serait comme une lettre qui resterait cachet\u00e9e sur notre bureau, attendant donc d\u2019\u00eatre ouverte.\u00a0Explorer ses r\u00eaves, c&rsquo;est entrer en r\u00e9sonance avec nos propres profondeurs et se laisser guider par les messages qu&rsquo;elles nous d\u00e9livrent&#8230;<\/p>\n\n\n\n<p><\/p>\n<\/div><\/div>\n\n\n\n<div class=\"wp-block-media-text has-media-on-the-right is-stacked-on-mobile has-background\" style=\"background-color:#f2c2a7\"><div class=\"wp-block-media-text__content\">\n<p class=\"has-headings-color has-text-color has-link-color wp-elements-9f731bf192fea50254bf3cecac4e1883\">Le travail avec les r\u00eaves peut se faire en rdv individuel, pr\u00e9sentiel ou visio. Soit propos\u00e9 comme pratique au cours d&rsquo;une th\u00e9rapie. Soit en rendez-vous ponctuel hors d&rsquo;un suivi psychoth\u00e9rapeutique lorsque r\u00eave r\u00e9clame \u00e0 \u00eatre entendu et d\u00e9ploy\u00e9. <\/p>\n\n\n\n<p class=\"has-headings-color has-text-color has-link-color wp-elements-4765723b387a18b431df8b78a8495e7d\">Je propose \u00e9galement ce travail en collectif en Loge de R\u00eaves, une pratique incluse lors de chacun de mes stages longs (2 jours ou plus), ou dans le cadre d&rsquo;ateliers d\u00e9di\u00e9s exclusivement aux r\u00eaves.<\/p>\n\n\n\n<p class=\"has-headings-color has-text-color has-link-color wp-elements-1fcca37e787e42f2c263e7268d1af182\">Il est \u00e9galement possible de venir d\u00e9ployer un r\u00eave lors d&rsquo;une journ\u00e9e de constellations familiales et syst\u00e9mique. <\/p>\n<\/div><figure class=\"wp-block-media-text__media\"><img loading=\"lazy\" decoding=\"async\" width=\"682\" height=\"1024\" src=\"http:\/\/www.juliegille.fr\/wp-content\/uploads\/2024\/08\/wolf-zimmermann-6sf5rf8QYFE-unsplash-682x1024.jpg\" alt=\"\" class=\"wp-image-932 size-full\" srcset=\"https:\/\/www.juliegille.fr\/wp-content\/uploads\/2024\/08\/wolf-zimmermann-6sf5rf8QYFE-unsplash-682x1024.jpg 682w, https:\/\/www.juliegille.fr\/wp-content\/uploads\/2024\/08\/wolf-zimmermann-6sf5rf8QYFE-unsplash-200x300.jpg 200w, https:\/\/www.juliegille.fr\/wp-content\/uploads\/2024\/08\/wolf-zimmermann-6sf5rf8QYFE-unsplash-768x1153.jpg 768w, https:\/\/www.juliegille.fr\/wp-content\/uploads\/2024\/08\/wolf-zimmermann-6sf5rf8QYFE-unsplash-1023x1536.jpg 1023w, https:\/\/www.juliegille.fr\/wp-content\/uploads\/2024\/08\/wolf-zimmermann-6sf5rf8QYFE-unsplash-1364x2048.jpg 1364w, https:\/\/www.juliegille.fr\/wp-content\/uploads\/2024\/08\/wolf-zimmermann-6sf5rf8QYFE-unsplash-scaled.jpg 1705w\" sizes=\"auto, (max-width: 682px) 100vw, 682px\" \/><\/figure><\/div>\n","protected":false},"excerpt":{"rendered":"<p>\u00c9coute des r\u00eaves Les r\u00eaves sont une puissante \u00e9nergie de notre psych\u00e9 qui cherche \u00e0 \u00e9merger pour nous donner vitalit\u00e9 et \u00e9lan sur notre chemin &hellip;<\/p>\n","protected":false},"author":1,"featured_media":932,"parent":0,"menu_order":0,"comment_status":"closed","ping_status":"closed","template":"","meta":{"footnotes":""},"class_list":["post-933","page","type-page","status-publish","has-post-thumbnail","hentry"],"_links":{"self":[{"href":"https:\/\/www.juliegille.fr\/index.php\/wp-json\/wp\/v2\/pages\/933","targetHints":{"allow":["GET"]}}],"collection":[{"href":"https:\/\/www.juliegille.fr\/index.php\/wp-json\/wp\/v2\/pages"}],"about":[{"href":"https:\/\/www.juliegille.fr\/index.php\/wp-json\/wp\/v2\/types\/page"}],"author":[{"embeddable":true,"href":"https:\/\/www.juliegille.fr\/index.php\/wp-json\/wp\/v2\/users\/1"}],"replies":[{"embeddable":true,"href":"https:\/\/www.juliegille.fr\/index.php\/wp-json\/wp\/v2\/comments?post=933"}],"version-history":[{"count":1,"href":"https:\/\/www.juliegille.fr\/index.php\/wp-json\/wp\/v2\/pages\/933\/revisions"}],"predecessor-version":[{"id":936,"href":"https:\/\/www.juliegille.fr\/index.php\/wp-json\/wp\/v2\/pages\/933\/revisions\/936"}],"wp:featuredmedia":[{"embeddable":true,"href":"https:\/\/www.juliegille.fr\/index.php\/wp-json\/wp\/v2\/media\/932"}],"wp:attachment":[{"href":"https:\/\/www.juliegille.fr\/index.php\/wp-json\/wp\/v2\/media?parent=933"}],"curies":[{"name":"wp","href":"https:\/\/api.w.org\/{rel}","templated":true}]}}